{"id":264,"date":"2023-08-08T23:05:01","date_gmt":"2023-08-08T23:05:01","guid":{"rendered":"https:\/\/lesrossignolets-arlon.be\/?page_id=264"},"modified":"2023-08-08T23:19:16","modified_gmt":"2023-08-08T23:19:16","slug":"discographie","status":"publish","type":"page","link":"https:\/\/lesrossignolets-arlon.be\/index.php\/discographie\/","title":{"rendered":"Notre discographie"},"content":{"rendered":"\n<p>A travers les ans \u201cLes Rossignolets d\u2019Arlon\u201d ont enregistr\u00e9s leurs chants sur diff\u00e9rents supports: vinyles 45 tours, vinyles 33 tours, cassettes, et CD Audio. Tout comme les supports d\u2019enregistrements, notre r\u00e9pertoire a \u00e9volu\u00e9 au fil du temps<\/p>\n","protected":false},"excerpt":{"rendered":"<p>A travers les ans \u201cLes Rossignolets d\u2019Arlon\u201d ont enregistr\u00e9s leurs chants sur diff\u00e9rents supports: vinyles 45 tours, vinyles 33 tours, cassettes, et CD Audio. Tout comme les supports d\u2019enregistrements, notre r\u00e9pertoire a \u00e9volu\u00e9 au fil du temps<\/p>\n","protected":false},"author":1,"featured_media":0,"parent":0,"menu_order":0,"comment_status":"closed","ping_status":"closed","template":"archive-album.php","meta":{"footnotes":""},"class_list":["post-264","page","type-page","status-publish","hentry"],"_links":{"self":[{"href":"https:\/\/lesrossignolets-arlon.be\/index.php\/wp-json\/wp\/v2\/pages\/264","targetHints":{"allow":["GET"]}}],"collection":[{"href":"https:\/\/lesrossignolets-arlon.be\/index.php\/wp-json\/wp\/v2\/pages"}],"about":[{"href":"https:\/\/lesrossignolets-arlon.be\/index.php\/wp-json\/wp\/v2\/types\/page"}],"author":[{"embeddable":true,"href":"https:\/\/lesrossignolets-arlon.be\/index.php\/wp-json\/wp\/v2\/users\/1"}],"replies":[{"embeddable":true,"href":"https:\/\/lesrossignolets-arlon.be\/index.php\/wp-json\/wp\/v2\/comments?post=264"}],"version-history":[{"count":4,"href":"https:\/\/lesrossignolets-arlon.be\/index.php\/wp-json\/wp\/v2\/pages\/264\/revisions"}],"predecessor-version":[{"id":290,"href":"https:\/\/lesrossignolets-arlon.be\/index.php\/wp-json\/wp\/v2\/pages\/264\/revisions\/290"}],"wp:attachment":[{"href":"https:\/\/lesrossignolets-arlon.be\/index.php\/wp-json\/wp\/v2\/media?parent=264"}],"curies":[{"name":"wp","href":"https:\/\/api.w.org\/{rel}","templated":true}]}}