{"id":208,"date":"2023-06-14T18:58:29","date_gmt":"2023-06-14T18:58:29","guid":{"rendered":"https:\/\/lesrossignolets-arlon.be\/?page_id=208"},"modified":"2023-08-08T22:16:38","modified_gmt":"2023-08-08T22:16:38","slug":"notre-histoire","status":"publish","type":"page","link":"https:\/\/lesrossignolets-arlon.be\/index.php\/notre-histoire\/","title":{"rendered":"Notre histoire"},"content":{"rendered":"\n<div class=\"wp-block-group\"><div class=\"wp-block-group__inner-container is-layout-constrained wp-block-group-is-layout-constrained\">\n<h2 class=\"wp-block-heading\">Les Origines du groupe.<\/h2>\n\n\n\n<p>C&rsquo;est vers 1949 que sont rassembl\u00e9s, par le fr\u00e8re Charles Lesire, professeur de musique de l&rsquo;Institut Sainte Marie d&rsquo;Arlon (ISMA), les \u00e9l\u00e8ves de l&rsquo;\u00e9tablissement pour former un ensemble vocal. D\u00e8s lors ce choeur de gar\u00e7ons rehaussa de ces chants les f\u00eates religieuses, patriotiques, et scolaires.<\/p>\n\n\n\n<p>Tr\u00e8s rapidement, le fr\u00e8re Charles noue des contacts avec Mgr. Maillet, Directeur des Petits Chanteurs \u00e0 la Croix de Bois et Fondateur de la F\u00e9d\u00e9ration des Pueri Cantores. C&rsquo;est ainsi qu&rsquo;il obtient l&rsquo;affiliation de sor choeur \u00e0 la F\u00e9d\u00e9ration Internationale des Pueri Cantores sous le nom officiel de : \u00abLes Rossignolets de Sainte-Marie d&rsquo;Arlon\u00bb.<\/p>\n\n\n\n<p>En 1954 une douzaine de \u00abRossignolets\u00bb participent \u00e0 leur premier Congr\u00e8s international des Pueri Cantores \u00e0 Rome. A cette occasion la petite d\u00e9l\u00e9gation fut re\u00e7ue par S.E. Monsieur l&rsquo;Ambassadeur de Belgique au Vatican. C&rsquo;\u00e9tait alors les pr\u00e9mices des voyages du choeur \u00e0 travers l&rsquo;Europe ainsi que des honneurs et r\u00e9ceptions officielles. C&rsquo;est \u00e0 la m\u00eame p\u00e9riode les d\u00e9buts d&rsquo;une grande tradition de concerts ou messes aux profits des personnes malades ou d\u00e9favoris\u00e9es, mais aussi de la campagne de \u00abNo\u00ebl dans la Cit\u00e9\u00bb.<\/p>\n\n\n\n<p>En 1962, \u00abLes Rossignolets de Sainte-Marie d&rsquo;Arion\u00bb franchissent une \u00e9tape importante de leur histoire en enregistrant plusieurs messes radio diffus\u00e9es par Radio Luxembourg (L) et Radio Sarre (D) et m\u00eame t\u00e9l\u00e9vis\u00e9es par T.V. Saarbr\u00fccken (D) puis plus tard par la Radio T\u00e9l\u00e9vision Belge (R.T.B).<\/p>\n\n\n\n<p>C&rsquo;est donc tout naturellement qu&rsquo;en 1964 le choeur enregistre son premier 45 tours. S&rsquo;ensuivront bien d&rsquo;autres comme en t\u00e9moigne la page du site d\u00e9di\u00e9 \u00e0 la discographie des origines \u00e0 nos jours.<\/p>\n\n\n\n<p>La reconnaissance du public et des m\u00e9dias de l&rsquo;\u00e9poque \u00e9tait plus que fond\u00e9e puisqu&rsquo;en 1965 \u00ab\u00a0Les<br>Rossignolets de Sainte-Marie d&rsquo;Arlon\u00a0\u00bb remportent le concours du \u00ab\u00a0Collier de l&rsquo;Etoile d&rsquo;Or<br>Ainsi, sous la direction de son fondateur le Fr\u00e8re Charles Lesire, les \u00ab\u00a0Rossignolets\u00a0\u00bb traversent les ans encha\u00eenants les enregistrements, tourn\u00e9es, r\u00e9ceptions officielles notamment au Palais Royal par leurs<br>Majest\u00e9s le Roi Baudoin et la Reine Fabiola.<\/p>\n\n\n\n<h2 class=\"wp-block-heading\">Une page se tourne<\/h2>\n\n\n\n<p>En 1983. le Fr\u00e8re Charles d\u00e9c\u00e8de \u00e0 l&rsquo;\u00e2ge de 73 ans. Les \u00ab\u00a0Rossignolets\u00a0\u00bb sont alors orphelins. Tout aurait pu s&rsquo;arr\u00eater l\u00e0, mais c&rsquo;\u00e9tait sans compter sur un des plus fid\u00e8les choristes, Walter Theis, qui reprit la direction.<\/p>\n\n\n\n<p>C&rsquo;est sous l&rsquo;impulsion de son nouveau directeur et d&rsquo;un comit\u00e9 renouvel\u00e9 que le choeur va alors conna\u00eetre sa plus importante mutation : la mixit\u00e9. L&rsquo;implication des filles fut d\u00e8s lors de plus en plus importante jusqu&rsquo;\u00e0 constituer la colonne vert\u00e9brale des sopranes et altes.<\/p>\n\n\n\n<p>Cette mutation ne devait pas faire oublier certaines traditions de notre fondateur. C&rsquo;est ainsi que les<br>\u00ab\u00a0Rossignolets\u00a0\u00bb continu\u00e8rent \u00e0 chanter pour les personnes malades ou d\u00e9favoris\u00e9es, \u00e0 apporter la joie de \u00ab\u00a0No\u00ebl dans la Cit\u00e9\u00a0\u00bb, ainsi que de voyager notamment \u00e0 l&rsquo;occasion des congr\u00e8s nationaux et internationaux des Pueri Cantores.<\/p>\n\n\n\n<p>\u00ab\u00a0Les Rossignolets de Sainte-Marie d&rsquo;Arion\u00a0\u00bb eurent encore plusieurs fois l&rsquo;opportunit\u00e9 de se produire devant leurs Majest\u00e9s le Roi Baudoin et la Reine Fabiola puis leurs Majest\u00e9s le Roi Albert et la Reine<br>Paola.<\/p>\n\n\n\n<p>En 1999, \u00e0 l&rsquo;occasion du 50\u00e8me anniversaire de leur fondation, le choeur re\u00e7u la distinction honorifique de Chorale Rovale et le nom officiel devint d\u00e8s lors \u00ab\u00a0Chorale Rovale Les Rossignolets de Sainte-Marie d&rsquo;Arlon\u00a0\u00bb, mais plus commun\u00e9ment connu sous le nom simplifi\u00e9 de : \u00ab\u00a0Les Rossignolets d&rsquo;Arlon\u00a0\u00bb.<\/p>\n\n\n\n<p>Depuis 1983, plusieurs chefs de choeur se sont succ\u00e9d\u00e9s \u00e0 la direction. Chacun d&rsquo;eux apportant sa touche personnelle et ouvrant le choeur \u00e0 un r\u00e9pertoire de plus en plus vari\u00e9.<\/p>\n\n\n\n<p>C&rsquo;est ainsi que des chansons des Beatles, de Voulzy, de Goldman, etc\u2026 peuvent c\u00f4toyer dans un m\u00eame concert des chants sacr\u00e9s de Bach, Mozart, Haydn, Haendel et tant d&rsquo;autres. Mais n&rsquo;oublions pas non plus les chants issus de traditions r\u00e9gionales comme \u00ab\u00a0Zu Arel op der Knipchen*, chant traditionnel du pays d&rsquo;Arlon\u00a0\u00bb, \u00ab\u00a0La Braban\u00e7onne\u00a0\u00bb, hymne national Belge, ou bien encore le \u00ab\u00a0Ons Emmecht\u00a0\u00bb, hymne national de nos voisins du Grand-Duch\u00e9 de Luxemboura.<\/p>\n<\/div><\/div>\n","protected":false},"excerpt":{"rendered":"<p>Les Origines du groupe. C&rsquo;est vers 1949 que sont rassembl\u00e9s, par le fr\u00e8re Charles Lesire, professeur de musique de l&rsquo;Institut Sainte Marie d&rsquo;Arlon (ISMA), les \u00e9l\u00e8ves de l&rsquo;\u00e9tablissement pour former un ensemble vocal. D\u00e8s lors ce choeur de gar\u00e7ons rehaussa de ces chants les f\u00eates religieuses, patriotiques, et scolaires. Tr\u00e8s rapidement, le fr\u00e8re Charles noue [&hellip;]<\/p>\n","protected":false},"author":1,"featured_media":0,"parent":0,"menu_order":0,"comment_status":"closed","ping_status":"closed","template":"","meta":{"footnotes":""},"class_list":["post-208","page","type-page","status-publish","hentry"],"_links":{"self":[{"href":"https:\/\/lesrossignolets-arlon.be\/index.php\/wp-json\/wp\/v2\/pages\/208","targetHints":{"allow":["GET"]}}],"collection":[{"href":"https:\/\/lesrossignolets-arlon.be\/index.php\/wp-json\/wp\/v2\/pages"}],"about":[{"href":"https:\/\/lesrossignolets-arlon.be\/index.php\/wp-json\/wp\/v2\/types\/page"}],"author":[{"embeddable":true,"href":"https:\/\/lesrossignolets-arlon.be\/index.php\/wp-json\/wp\/v2\/users\/1"}],"replies":[{"embeddable":true,"href":"https:\/\/lesrossignolets-arlon.be\/index.php\/wp-json\/wp\/v2\/comments?post=208"}],"version-history":[{"count":4,"href":"https:\/\/lesrossignolets-arlon.be\/index.php\/wp-json\/wp\/v2\/pages\/208\/revisions"}],"predecessor-version":[{"id":246,"href":"https:\/\/lesrossignolets-arlon.be\/index.php\/wp-json\/wp\/v2\/pages\/208\/revisions\/246"}],"wp:attachment":[{"href":"https:\/\/lesrossignolets-arlon.be\/index.php\/wp-json\/wp\/v2\/media?parent=208"}],"curies":[{"name":"wp","href":"https:\/\/api.w.org\/{rel}","templated":true}]}}